{"id":49,"date":"2025-06-02T17:58:23","date_gmt":"2025-06-02T15:58:23","guid":{"rendered":"http:\/\/domainesaintpierremont.fr\/index.php\/home\/"},"modified":"2025-09-15T17:01:06","modified_gmt":"2025-09-15T15:01:06","slug":"accueil","status":"publish","type":"page","link":"https:\/\/www.domainesaintpierremont.fr\/","title":{"rendered":"Accueil"},"content":{"rendered":"\t\t<div data-elementor-type=\"wp-page\" data-elementor-id=\"49\" class=\"elementor elementor-49\" data-elementor-post-type=\"page\">\n\t\t\t\t<div class=\"elementor-element elementor-element-7426c920 e-flex e-con-boxed e-con e-parent\" data-id=\"7426c920\" data-element_type=\"container\" data-e-type=\"container\" data-settings=\"{&quot;background_background&quot;:&quot;classic&quot;,&quot;background_motion_fx_motion_fx_scrolling&quot;:&quot;yes&quot;,&quot;background_motion_fx_translateY_effect&quot;:&quot;yes&quot;,&quot;background_motion_fx_translateY_speed&quot;:{&quot;unit&quot;:&quot;px&quot;,&quot;size&quot;:4,&quot;sizes&quot;:[]},&quot;background_motion_fx_translateY_affectedRange&quot;:{&quot;unit&quot;:&quot;%&quot;,&quot;size&quot;:&quot;&quot;,&quot;sizes&quot;:{&quot;start&quot;:0,&quot;end&quot;:100}},&quot;background_motion_fx_devices&quot;:[&quot;desktop&quot;,&quot;tablet&quot;,&quot;mobile&quot;]}\">\n\t\t\t\t\t<div class=\"e-con-inner\">\n\t\t\t\t<div class=\"elementor-element elementor-element-4a0fd027 elementor-widget elementor-widget-heading\" data-id=\"4a0fd027\" data-element_type=\"widget\" data-e-type=\"widget\" data-widget_type=\"heading.default\">\n\t\t\t\t<div class=\"elementor-widget-container\">\n\t\t\t\t\t<h1 class=\"elementor-heading-title elementor-size-default\">G\u00eete  du Carreau<\/h1>\t\t\t\t<\/div>\n\t\t\t\t<\/div>\n\t\t\t\t\t<\/div>\n\t\t\t\t<\/div>\n\t\t<div class=\"elementor-element elementor-element-cd01249 e-con-full e-flex e-con e-parent\" data-id=\"cd01249\" data-element_type=\"container\" data-e-type=\"container\">\n\t\t\t\t<div class=\"elementor-element elementor-element-3d07cbc elementor-widget-divider--view-line_text elementor-widget-divider--element-align-center elementor-widget elementor-widget-divider\" data-id=\"3d07cbc\" data-element_type=\"widget\" data-e-type=\"widget\" data-widget_type=\"divider.default\">\n\t\t\t\t<div class=\"elementor-widget-container\">\n\t\t\t\t\t\t\t<div class=\"elementor-divider\">\n\t\t\t<span class=\"elementor-divider-separator\">\n\t\t\t\t\t\t\t<span class=\"elementor-divider__text elementor-divider__element\">\n\t\t\t\tBienvenue\t\t\t\t<\/span>\n\t\t\t\t\t\t<\/span>\n\t\t<\/div>\n\t\t\t\t\t\t<\/div>\n\t\t\t\t<\/div>\n\t\t\t\t<\/div>\n\t\t<div class=\"elementor-element elementor-element-3034535b e-con-full e-flex e-con e-parent\" data-id=\"3034535b\" data-element_type=\"container\" data-e-type=\"container\">\n\t\t<div class=\"elementor-element elementor-element-6a263b30 e-con-full e-flex e-con e-child\" data-id=\"6a263b30\" data-element_type=\"container\" data-e-type=\"container\">\n\t\t\t\t<div class=\"elementor-element elementor-element-6cca1cbf elementor-widget__width-initial elementor-widget elementor-widget-text-editor\" data-id=\"6cca1cbf\" data-element_type=\"widget\" data-e-type=\"widget\" data-widget_type=\"text-editor.default\">\n\t\t\t\t<div class=\"elementor-widget-container\">\n\t\t\t\t\t\t\t\t\t<p>Lov\u00e9 dans un \u00e9crin de verdure de plus de 14 hectares aux portes de Briey (Val de Briey 54 150), le G\u00eete du Domaine Saint Pierremont (de groupe et d&rsquo;\u00e9tape) d\u00e9ploie toute la richesse de son histoire et la promesse de son renouveau. Ancien site minier charg\u00e9 de m\u00e9moire, ce lieu singulier conna\u00eet aujourd\u2019hui une nouvelle vie, port\u00e9 par notre volont\u00e9 de lui insuffler chaleur, \u00e9l\u00e9gance et authenticit\u00e9.<\/p><p><span style=\"text-decoration: underline;\"><strong>Un nouveau chapitre commence<\/strong><\/span><\/p><p>Tout r\u00e9cemment devenus les g\u00e9rants de ce lieu empreint d\u2019histoire (anciennement G\u00eete Intercommunal du Carreau), nous avons \u00e0 c\u0153ur de le r\u00e9inventer pas \u00e0 pas, dans le respect de son \u00e2me. Des travaux sont en cours afin d\u2019offrir \u00e0 nos h\u00f4tes un cadre encore plus raffin\u00e9 et accueillant, m\u00ealant le charme de l\u2019ancien et le confort contemporain.<\/p><p><span style=\"text-decoration: underline;\"><strong>Un g\u00eete au c\u0153ur de la nature<\/strong><\/span><\/p><p>Le domaine propose des chambres individuelles au sein d\u2019un g\u00eete chaleureux, pouvant \u00e9galement \u00eatre enti\u00e8rement privatis\u00e9. Que vous soyez en qu\u00eate de repos, de retrouvailles ou d\u2019un lieu inspirant pour vos \u00e9v\u00e9nements, vous trouverez ici une atmosph\u00e8re paisible, propice au ressourcement. C&rsquo;est ici un des rares g\u00eetes de Meurthe et Moselle a avoir une telle capacit\u00e9.<\/p><p><strong><span style=\"text-decoration: underline;\">Un domaine \u00e9questre \u00e0 proximit\u00e9 imm\u00e9diate<\/span><\/strong><\/p><p>Le centre \u00e9questre adoss\u00e9 au Domaine invite \u00e0 la d\u00e9couverte ou \u00e0 la pratique passionn\u00e9e de l\u2019\u00e9quitation. Encadr\u00e9s par des professionnels, cours, concours, balades et stages sont propos\u00e9s tout au long de l\u2019ann\u00e9e, dans un esprit de bienveillance et de respect du cheval. Il est possible d&rsquo;y h\u00e9berger son cheval et d\u2019accueillir les cavaliers dans le g\u00eete pour en faire un g\u00eete cheval \u00e9tape au porte de Briey. Pour ouvrir le sport \u00e0 tous, des s\u00e9ances d\u2019\u00e9quitation adapt\u00e9es aux personnes en situation de handicap sont propos\u00e9es, qu\u2019elles soient sensorielles, mental ou psychique. Le projet de 2026 sera d\u2019ouvrir des s\u00e9ances aux handicap moteur avec la cr\u00e9ation d\u2019un lieu exclusif a ce public. Encadr\u00e9es par des professionnels form\u00e9s, nos activit\u00e9s favorisent le bien-\u00eatre, la confiance en soi et le lien unique avec le cheval, dans un environnement s\u00fbr, inclusif et bienveillant. Parce que chacun m\u00e9rite de vivre la magie de l\u2019\u00e9quitation.<\/p><p><span style=\"text-decoration: underline;\"><strong>Un lieu vivant pour les jeunes g\u00e9n\u00e9rations<\/strong><\/span><\/p><p>Le Domaine Saint Pierremont accueille \u00e9galement colonies de vacances et s\u00e9jours adapt\u00e9s. Gr\u00e2ce \u00e0 ses grands espaces, ses animaux, ses infrastructures et son environnement naturel, il constitue un terrain id\u00e9al pour l\u2019\u00e9veil, le jeu et l\u2019apprentissage. C&rsquo;est une grande chance de pouvoir log\u00e9 nos petits vacanciers dans ce g\u00eete de groupe \u00e0 7 minutes de Briey.<\/p><p><span style=\"text-decoration: underline;\"><strong>Entre m\u00e9moire et avenir<\/strong><\/span><\/p><p>Ici, la nature c\u00f4toie les traces d\u2019un pass\u00e9 ouvrier encore visible, offrant \u00e0 chaque visiteur une exp\u00e9rience rare, entre patrimoine et modernit\u00e9. C\u2019est dans ce dialogue entre l\u2019ancien et le renouveau que nous construisons l\u2019avenir du domaine \u2013 avec passion, soin et simplicit\u00e9.<\/p>\t\t\t\t\t\t\t\t<\/div>\n\t\t\t\t<\/div>\n\t\t\t\t<\/div>\n\t\t<div class=\"elementor-element elementor-element-5b47e6ab e-con-full e-flex e-con e-child\" data-id=\"5b47e6ab\" data-element_type=\"container\" data-e-type=\"container\">\n\t\t\t\t<div class=\"elementor-element elementor-element-3f9683f3 elementor-widget elementor-widget-image\" data-id=\"3f9683f3\" data-element_type=\"widget\" data-e-type=\"widget\" data-widget_type=\"image.default\">\n\t\t\t\t<div class=\"elementor-widget-container\">\n\t\t\t\t\t\t\t\t\t\t\t\t\t\t\t<img fetchpriority=\"high\" decoding=\"async\" width=\"1299\" height=\"1036\" src=\"https:\/\/www.domainesaintpierremont.fr\/wp-content\/uploads\/2025\/06\/Exterieur-gite.jpg\" class=\"attachment-full size-full wp-image-80\" alt=\"Ext\u00e9rieur g\u00eete\" srcset=\"https:\/\/www.domainesaintpierremont.fr\/wp-content\/uploads\/2025\/06\/Exterieur-gite.jpg 1299w, https:\/\/www.domainesaintpierremont.fr\/wp-content\/uploads\/2025\/06\/Exterieur-gite-300x239.jpg 300w, https:\/\/www.domainesaintpierremont.fr\/wp-content\/uploads\/2025\/06\/Exterieur-gite-1024x817.jpg 1024w, https:\/\/www.domainesaintpierremont.fr\/wp-content\/uploads\/2025\/06\/Exterieur-gite-768x613.jpg 768w\" sizes=\"(max-width: 1299px) 100vw, 1299px\" \/>\t\t\t\t\t\t\t\t\t\t\t\t\t\t\t<\/div>\n\t\t\t\t<\/div>\n\t\t\t\t<\/div>\n\t\t\t\t<\/div>\n\t\t<div class=\"elementor-element elementor-element-56c10aa e-flex e-con-boxed e-con e-parent\" data-id=\"56c10aa\" data-element_type=\"container\" data-e-type=\"container\">\n\t\t\t\t\t<div class=\"e-con-inner\">\n\t\t\t\t\t<\/div>\n\t\t\t\t<\/div>\n\t\t\t\t<\/div>\n\t\t","protected":false},"excerpt":{"rendered":"<p>G\u00eete du Carreau Bienvenue Lov\u00e9 dans un \u00e9crin de verdure de plus de 14 hectares aux portes de Briey (Val de Briey 54 150), le G\u00eete du Domaine Saint Pierremont (de groupe et d&rsquo;\u00e9tape) d\u00e9ploie toute la richesse de son histoire et la promesse de son renouveau. Ancien site minier charg\u00e9 de m\u00e9moire, ce lieu [&hellip;]<\/p>\n","protected":false},"author":1,"featured_media":0,"parent":0,"menu_order":0,"comment_status":"closed","ping_status":"closed","template":"elementor_header_footer","meta":{"footnotes":""},"class_list":["post-49","page","type-page","status-publish","hentry"],"yoast_head":"<!-- This site is optimized with the Yoast SEO plugin v27.3 - https:\/\/yoast.com\/product\/yoast-seo-wordpress\/ -->\n<title>Gite du Carreau - Meurthe et Moselle<\/title>\n<meta name=\"description\" content=\"Aux portes de Briey, le g\u00eete grande capacit\u00e9 vous accueille \u00e0 la nuit\u00e9e ou \u00e0 la semaine \u00b7 Location du g\u00eete en entier, \u00e0 moiti\u00e9 ou par chambre.\" \/>\n<meta name=\"robots\" content=\"index, follow, max-snippet:-1, max-image-preview:large, max-video-preview:-1\" \/>\n<link rel=\"canonical\" href=\"https:\/\/www.domainesaintpierremont.fr\/\" \/>\n<meta property=\"og:locale\" content=\"fr_FR\" \/>\n<meta property=\"og:type\" content=\"article\" \/>\n<meta property=\"og:title\" content=\"Gite du Carreau - Meurthe et Moselle\" \/>\n<meta property=\"og:description\" content=\"Aux portes de Briey, le g\u00eete grande capacit\u00e9 vous accueille \u00e0 la nuit\u00e9e ou \u00e0 la semaine \u00b7 Location du g\u00eete en entier, \u00e0 moiti\u00e9 ou par chambre.\" \/>\n<meta property=\"og:url\" content=\"https:\/\/www.domainesaintpierremont.fr\/\" \/>\n<meta property=\"og:site_name\" content=\"Domaine Saint Pierremont\" \/>\n<meta property=\"article:publisher\" content=\"https:\/\/www.facebook.com\/people\/Domaine-Saint-Pierremont\/61576335085179\/\" \/>\n<meta property=\"article:modified_time\" content=\"2025-09-15T15:01:06+00:00\" \/>\n<meta property=\"og:image\" content=\"https:\/\/www.domainesaintpierremont.fr\/wp-content\/uploads\/2025\/06\/Exterieur-gite.jpg\" \/>\n\t<meta property=\"og:image:width\" content=\"1299\" \/>\n\t<meta property=\"og:image:height\" content=\"1036\" \/>\n\t<meta property=\"og:image:type\" content=\"image\/jpeg\" \/>\n<meta name=\"twitter:card\" content=\"summary_large_image\" \/>\n<meta name=\"twitter:label1\" content=\"Dur\u00e9e de lecture estim\u00e9e\" \/>\n\t<meta name=\"twitter:data1\" content=\"3 minutes\" \/>\n<script type=\"application\/ld+json\" class=\"yoast-schema-graph\">{\"@context\":\"https:\\\/\\\/schema.org\",\"@graph\":[{\"@type\":\"WebPage\",\"@id\":\"https:\\\/\\\/www.domainesaintpierremont.fr\\\/\",\"url\":\"https:\\\/\\\/www.domainesaintpierremont.fr\\\/\",\"name\":\"Gite du Carreau - Meurthe et Moselle\",\"isPartOf\":{\"@id\":\"https:\\\/\\\/www.domainesaintpierremont.fr\\\/#website\"},\"primaryImageOfPage\":{\"@id\":\"https:\\\/\\\/www.domainesaintpierremont.fr\\\/#primaryimage\"},\"image\":{\"@id\":\"https:\\\/\\\/www.domainesaintpierremont.fr\\\/#primaryimage\"},\"thumbnailUrl\":\"https:\\\/\\\/www.domainesaintpierremont.fr\\\/wp-content\\\/uploads\\\/2025\\\/06\\\/Exterieur-gite.jpg\",\"datePublished\":\"2025-06-02T15:58:23+00:00\",\"dateModified\":\"2025-09-15T15:01:06+00:00\",\"description\":\"Aux portes de Briey, le g\u00eete grande capacit\u00e9 vous accueille \u00e0 la nuit\u00e9e ou \u00e0 la semaine \u00b7 Location du g\u00eete en entier, \u00e0 moiti\u00e9 ou par chambre.\",\"breadcrumb\":{\"@id\":\"https:\\\/\\\/www.domainesaintpierremont.fr\\\/#breadcrumb\"},\"inLanguage\":\"fr-FR\",\"potentialAction\":[{\"@type\":\"ReadAction\",\"target\":[\"https:\\\/\\\/www.domainesaintpierremont.fr\\\/\"]}]},{\"@type\":\"ImageObject\",\"inLanguage\":\"fr-FR\",\"@id\":\"https:\\\/\\\/www.domainesaintpierremont.fr\\\/#primaryimage\",\"url\":\"https:\\\/\\\/www.domainesaintpierremont.fr\\\/wp-content\\\/uploads\\\/2025\\\/06\\\/Exterieur-gite.jpg\",\"contentUrl\":\"https:\\\/\\\/www.domainesaintpierremont.fr\\\/wp-content\\\/uploads\\\/2025\\\/06\\\/Exterieur-gite.jpg\",\"width\":1299,\"height\":1036,\"caption\":\"Ext\u00e9rieur g\u00eete\"},{\"@type\":\"BreadcrumbList\",\"@id\":\"https:\\\/\\\/www.domainesaintpierremont.fr\\\/#breadcrumb\",\"itemListElement\":[{\"@type\":\"ListItem\",\"position\":1,\"name\":\"Accueil\",\"item\":\"https:\\\/\\\/www.domainesaintpierremont.fr\\\/\"},{\"@type\":\"ListItem\",\"position\":2,\"name\":\"Accueil\"}]},{\"@type\":\"WebSite\",\"@id\":\"https:\\\/\\\/www.domainesaintpierremont.fr\\\/#website\",\"url\":\"https:\\\/\\\/www.domainesaintpierremont.fr\\\/\",\"name\":\"Domaine Saint Pierremont\",\"description\":\"G\u00eete\",\"publisher\":{\"@id\":\"https:\\\/\\\/www.domainesaintpierremont.fr\\\/#organization\"},\"potentialAction\":[{\"@type\":\"SearchAction\",\"target\":{\"@type\":\"EntryPoint\",\"urlTemplate\":\"https:\\\/\\\/www.domainesaintpierremont.fr\\\/?s={search_term_string}\"},\"query-input\":{\"@type\":\"PropertyValueSpecification\",\"valueRequired\":true,\"valueName\":\"search_term_string\"}}],\"inLanguage\":\"fr-FR\"},{\"@type\":\"Organization\",\"@id\":\"https:\\\/\\\/www.domainesaintpierremont.fr\\\/#organization\",\"name\":\"Domaine Saint Pierremont\",\"url\":\"https:\\\/\\\/www.domainesaintpierremont.fr\\\/\",\"logo\":{\"@type\":\"ImageObject\",\"inLanguage\":\"fr-FR\",\"@id\":\"https:\\\/\\\/www.domainesaintpierremont.fr\\\/#\\\/schema\\\/logo\\\/image\\\/\",\"url\":\"https:\\\/\\\/www.domainesaintpierremont.fr\\\/wp-content\\\/uploads\\\/2025\\\/06\\\/cropped-Logo-Domaine.png\",\"contentUrl\":\"https:\\\/\\\/www.domainesaintpierremont.fr\\\/wp-content\\\/uploads\\\/2025\\\/06\\\/cropped-Logo-Domaine.png\",\"width\":430,\"height\":322,\"caption\":\"Domaine Saint Pierremont\"},\"image\":{\"@id\":\"https:\\\/\\\/www.domainesaintpierremont.fr\\\/#\\\/schema\\\/logo\\\/image\\\/\"},\"sameAs\":[\"https:\\\/\\\/www.facebook.com\\\/people\\\/Domaine-Saint-Pierremont\\\/61576335085179\\\/\"]}]}<\/script>\n<!-- \/ Yoast SEO plugin. -->","yoast_head_json":{"title":"Gite du Carreau - Meurthe et Moselle","description":"Aux portes de Briey, le g\u00eete grande capacit\u00e9 vous accueille \u00e0 la nuit\u00e9e ou \u00e0 la semaine \u00b7 Location du g\u00eete en entier, \u00e0 moiti\u00e9 ou par chambre.","robots":{"index":"index","follow":"follow","max-snippet":"max-snippet:-1","max-image-preview":"max-image-preview:large","max-video-preview":"max-video-preview:-1"},"canonical":"https:\/\/www.domainesaintpierremont.fr\/","og_locale":"fr_FR","og_type":"article","og_title":"Gite du Carreau - Meurthe et Moselle","og_description":"Aux portes de Briey, le g\u00eete grande capacit\u00e9 vous accueille \u00e0 la nuit\u00e9e ou \u00e0 la semaine \u00b7 Location du g\u00eete en entier, \u00e0 moiti\u00e9 ou par chambre.","og_url":"https:\/\/www.domainesaintpierremont.fr\/","og_site_name":"Domaine Saint Pierremont","article_publisher":"https:\/\/www.facebook.com\/people\/Domaine-Saint-Pierremont\/61576335085179\/","article_modified_time":"2025-09-15T15:01:06+00:00","og_image":[{"width":1299,"height":1036,"url":"https:\/\/www.domainesaintpierremont.fr\/wp-content\/uploads\/2025\/06\/Exterieur-gite.jpg","type":"image\/jpeg"}],"twitter_card":"summary_large_image","twitter_misc":{"Dur\u00e9e de lecture estim\u00e9e":"3 minutes"},"schema":{"@context":"https:\/\/schema.org","@graph":[{"@type":"WebPage","@id":"https:\/\/www.domainesaintpierremont.fr\/","url":"https:\/\/www.domainesaintpierremont.fr\/","name":"Gite du Carreau - Meurthe et Moselle","isPartOf":{"@id":"https:\/\/www.domainesaintpierremont.fr\/#website"},"primaryImageOfPage":{"@id":"https:\/\/www.domainesaintpierremont.fr\/#primaryimage"},"image":{"@id":"https:\/\/www.domainesaintpierremont.fr\/#primaryimage"},"thumbnailUrl":"https:\/\/www.domainesaintpierremont.fr\/wp-content\/uploads\/2025\/06\/Exterieur-gite.jpg","datePublished":"2025-06-02T15:58:23+00:00","dateModified":"2025-09-15T15:01:06+00:00","description":"Aux portes de Briey, le g\u00eete grande capacit\u00e9 vous accueille \u00e0 la nuit\u00e9e ou \u00e0 la semaine \u00b7 Location du g\u00eete en entier, \u00e0 moiti\u00e9 ou par chambre.","breadcrumb":{"@id":"https:\/\/www.domainesaintpierremont.fr\/#breadcrumb"},"inLanguage":"fr-FR","potentialAction":[{"@type":"ReadAction","target":["https:\/\/www.domainesaintpierremont.fr\/"]}]},{"@type":"ImageObject","inLanguage":"fr-FR","@id":"https:\/\/www.domainesaintpierremont.fr\/#primaryimage","url":"https:\/\/www.domainesaintpierremont.fr\/wp-content\/uploads\/2025\/06\/Exterieur-gite.jpg","contentUrl":"https:\/\/www.domainesaintpierremont.fr\/wp-content\/uploads\/2025\/06\/Exterieur-gite.jpg","width":1299,"height":1036,"caption":"Ext\u00e9rieur g\u00eete"},{"@type":"BreadcrumbList","@id":"https:\/\/www.domainesaintpierremont.fr\/#breadcrumb","itemListElement":[{"@type":"ListItem","position":1,"name":"Accueil","item":"https:\/\/www.domainesaintpierremont.fr\/"},{"@type":"ListItem","position":2,"name":"Accueil"}]},{"@type":"WebSite","@id":"https:\/\/www.domainesaintpierremont.fr\/#website","url":"https:\/\/www.domainesaintpierremont.fr\/","name":"Domaine Saint Pierremont","description":"G\u00eete","publisher":{"@id":"https:\/\/www.domainesaintpierremont.fr\/#organization"},"potentialAction":[{"@type":"SearchAction","target":{"@type":"EntryPoint","urlTemplate":"https:\/\/www.domainesaintpierremont.fr\/?s={search_term_string}"},"query-input":{"@type":"PropertyValueSpecification","valueRequired":true,"valueName":"search_term_string"}}],"inLanguage":"fr-FR"},{"@type":"Organization","@id":"https:\/\/www.domainesaintpierremont.fr\/#organization","name":"Domaine Saint Pierremont","url":"https:\/\/www.domainesaintpierremont.fr\/","logo":{"@type":"ImageObject","inLanguage":"fr-FR","@id":"https:\/\/www.domainesaintpierremont.fr\/#\/schema\/logo\/image\/","url":"https:\/\/www.domainesaintpierremont.fr\/wp-content\/uploads\/2025\/06\/cropped-Logo-Domaine.png","contentUrl":"https:\/\/www.domainesaintpierremont.fr\/wp-content\/uploads\/2025\/06\/cropped-Logo-Domaine.png","width":430,"height":322,"caption":"Domaine Saint Pierremont"},"image":{"@id":"https:\/\/www.domainesaintpierremont.fr\/#\/schema\/logo\/image\/"},"sameAs":["https:\/\/www.facebook.com\/people\/Domaine-Saint-Pierremont\/61576335085179\/"]}]}},"_links":{"self":[{"href":"https:\/\/www.domainesaintpierremont.fr\/index.php\/wp-json\/wp\/v2\/pages\/49","targetHints":{"allow":["GET"]}}],"collection":[{"href":"https:\/\/www.domainesaintpierremont.fr\/index.php\/wp-json\/wp\/v2\/pages"}],"about":[{"href":"https:\/\/www.domainesaintpierremont.fr\/index.php\/wp-json\/wp\/v2\/types\/page"}],"author":[{"embeddable":true,"href":"https:\/\/www.domainesaintpierremont.fr\/index.php\/wp-json\/wp\/v2\/users\/1"}],"replies":[{"embeddable":true,"href":"https:\/\/www.domainesaintpierremont.fr\/index.php\/wp-json\/wp\/v2\/comments?post=49"}],"version-history":[{"count":74,"href":"https:\/\/www.domainesaintpierremont.fr\/index.php\/wp-json\/wp\/v2\/pages\/49\/revisions"}],"predecessor-version":[{"id":500,"href":"https:\/\/www.domainesaintpierremont.fr\/index.php\/wp-json\/wp\/v2\/pages\/49\/revisions\/500"}],"wp:attachment":[{"href":"https:\/\/www.domainesaintpierremont.fr\/index.php\/wp-json\/wp\/v2\/media?parent=49"}],"curies":[{"name":"wp","href":"https:\/\/api.w.org\/{rel}","templated":true}]}}