{"id":307,"date":"2025-06-06T09:18:50","date_gmt":"2025-06-06T07:18:50","guid":{"rendered":"https:\/\/www.domainesaintpierremont.fr\/?page_id=307"},"modified":"2025-06-12T14:25:41","modified_gmt":"2025-06-12T12:25:41","slug":"conditions-generales-de-vente","status":"publish","type":"page","link":"https:\/\/www.domainesaintpierremont.fr\/index.php\/conditions-generales-de-vente\/","title":{"rendered":"Conditions G\u00e9n\u00e9rales de Vente"},"content":{"rendered":"\n<p>Derni\u00e8re mise \u00e0 jour : 6 juin 2025<\/p>\n\n\n\n<p>Les pr\u00e9sentes Conditions G\u00e9n\u00e9rales de Vente (CGV) r\u00e9gissent les r\u00e9servations effectu\u00e9es pour la SAS Domaine Saint Pierremont, situ\u00e9 rue du Carreau de la Mine &#8211; Mancieulles &#8211; 54790 Val de Briey\u00a0<\/p>\n\n\n\n<p>Toute r\u00e9servation implique l\u2019acceptation pleine et enti\u00e8re des pr\u00e9sentes CGV.<\/p>\n\n\n\n<p><strong>1 . R\u00e9servations<\/strong><\/p>\n\n\n\n<p>Les demandes de r\u00e9servation peuvent \u00eatre effectu\u00e9es via notre site internet (formulaire de contact), par t\u00e9l\u00e9phone ou par e-mail.\u00a0<\/p>\n\n\n\n<p>La r\u00e9servation ne devient effective qu\u2019\u00e0 la r\u00e9ception dans un d\u00e9lai de 72h00&nbsp;:&nbsp;<\/p>\n\n\n\n<ul class=\"wp-block-list\">\n<li>du Contrat sign\u00e9<\/li>\n\n\n\n<li>du R\u00e8glement int\u00e9rieur sign\u00e9<\/li>\n\n\n\n<li>du R\u00e8glement de l\u2019acompte (50% de la totalit\u00e9 de la location)<\/li>\n<\/ul>\n\n\n\n<p>Le solde de la r\u00e9servation doit \u00eatre effectu\u00e9 30 jours avant la date de debout du s\u00e9jour (un email de rappel sera envoy\u00e9), pour toute annulation\u00a0de r\u00e9servations dans un d\u00e9lai inf\u00e9rieur \u00e0 30 jours avant le d\u00e9but du s\u00e9jour l\u2019acompte ne sera pas rembours\u00e9.<\/p>\n\n\n\n<p>Dans le cas d\u2019une r\u00e9servation effectu\u00e9e dans un d\u00e9lai inferieur \u00e0 30 jours du d\u00e9but du s\u00e9jour, le paiement int\u00e9gral du s\u00e9jour est exig\u00e9 au moment de la r\u00e9servation et le paiement ne se sera pas rembours\u00e9 en cas d\u2019annulation du s\u00e9jour.<\/p>\n\n\n\n<p>Toutes r\u00e9servations et paiements seront confirm\u00e9s par un email, une facture de r\u00e9ception d\u2019acompte de r\u00e9servation et une facture de paiement du s\u00e9jour seront envoy\u00e9es d\u00e8s r\u00e9ception de ceux-ci.<\/p>\n\n\n\n<p>La validation d\u00e9finitive du s\u00e9jour ne sera effective qu\u2019a r\u00e9ception du r\u00e8glement int\u00e9gral de la reservation 30 jours avant le d\u00e9but du s\u00e9jour.<\/p>\n\n\n\n<p>En Cas D\u2019annulation \u00c0 L\u2019initiative de la SAS Domaine Saint Pierremont\u00a0:\u00a0<\/p>\n\n\n\n<ul class=\"wp-block-list\">\n<li>Les montants d\u00e9j\u00e0 vers\u00e9s, acompte ou totalit\u00e9 seront int\u00e9gralement rembours\u00e9s.<\/li>\n\n\n\n<li>Aucun d\u00e9dommagement ou indemnit\u00e9 suppl\u00e9mentaire ne pourra \u00eatre r\u00e9clam\u00e9.<\/li>\n<\/ul>\n\n\n\n<p><strong>2 &#8211; Moyens de Paiement<\/strong><\/p>\n\n\n\n<p>Les paiements pourront \u00eatre effectu\u00e9s:<\/p>\n\n\n\n<ul class=\"wp-block-list\">\n<li>par virement bancaire<\/li>\n\n\n\n<li>par ch\u00e8que&nbsp;<\/li>\n\n\n\n<li>en Esp\u00e8ce (uniquement en Euros)<\/li>\n\n\n\n<li>par carte bancaires pour les nuit\u00e9es et suppl\u00e9ments pris sur place<\/li>\n<\/ul>\n\n\n\n<p><strong>3 &#8211; R\u00e8glement int\u00e9rieur<\/strong><\/p>\n\n\n\n<p>Le r\u00e8glement int\u00e9rieur est consultable sur le site internet et est envoyer pour abrogation avec chaque r\u00e9servation.<\/p>\n\n\n\n<p>Tout manquement au r\u00e8glement int\u00e9rieur peut entra\u00eener l\u2019interruption du s\u00e9jour, sans remboursement.<\/p>\n\n\n\n<p><strong>4&nbsp;: D\u00e9p\u00f4t de caution<\/strong><\/p>\n\n\n\n<p>Le d\u00e9p\u00f4t de caution se fait a l\u2019arriv\u00e9e suivant les \u00ab&nbsp;Condition g\u00e9n\u00e9rales&nbsp;\u00bb du contrat de location.<\/p>\n\n\n\n<p><strong>5&nbsp;: Responsabilit\u00e9s<\/strong><\/p>\n\n\n\n<p>Le Domaine d\u00e9cline toute responsabilit\u00e9 en cas de perte, vol ou d\u00e9gradation d\u2019effets personnels survenus dans les locaux ou les ext\u00e9rieurs.<\/p>\n\n\n\n<p>Les enfants sont plac\u00e9s sous la responsabilit\u00e9 des adultes les accompagnants.<\/p>\n\n\n\n<p><strong>6 &#8211; Donn\u00e9es personnelles<\/strong><\/p>\n\n\n\n<p>Les donn\u00e9es collect\u00e9es lors de la r\u00e9servation sont trait\u00e9es conform\u00e9ment \u00e0 notre Politique de confidentialit\u00e9. Elles ne sont jamais revendues et sont utilis\u00e9es uniquement pour la gestion des<\/p>\n\n\n\n<p>r\u00e9servations et obligations l\u00e9gales.<\/p>\n\n\n\n<p><strong>7 &#8211; Litiges<\/strong><\/p>\n\n\n\n<p>En cas de litige, une solution amiable sera recherch\u00e9e prioritairement. \u00c0 d\u00e9faut, le tribunal comp\u00e9tent sera celui du ressort du si\u00e8ge social de la SAS Domaine Saint Pierremont.<\/p>\n","protected":false},"excerpt":{"rendered":"<p>Derni\u00e8re mise \u00e0 jour : 6 juin 2025 Les pr\u00e9sentes Conditions G\u00e9n\u00e9rales de Vente (CGV) r\u00e9gissent les r\u00e9servations effectu\u00e9es pour la SAS Domaine Saint Pierremont, situ\u00e9 rue du Carreau de la Mine &#8211; Mancieulles &#8211; 54790 Val de Briey\u00a0 Toute r\u00e9servation implique l\u2019acceptation pleine et enti\u00e8re des pr\u00e9sentes CGV. 1 . R\u00e9servations Les demandes de [&hellip;]<\/p>\n","protected":false},"author":1,"featured_media":0,"parent":0,"menu_order":0,"comment_status":"closed","ping_status":"closed","template":"","meta":{"footnotes":""},"class_list":["post-307","page","type-page","status-publish","hentry"],"yoast_head":"<!-- This site is optimized with the Yoast SEO plugin v27.3 - https:\/\/yoast.com\/product\/yoast-seo-wordpress\/ -->\n<title>Conditions G\u00e9n\u00e9rales de Vente - Domaine Saint Pierremont<\/title>\n<meta name=\"robots\" content=\"index, follow, max-snippet:-1, max-image-preview:large, max-video-preview:-1\" \/>\n<link rel=\"canonical\" href=\"https:\/\/www.domainesaintpierremont.fr\/index.php\/conditions-generales-de-vente\/\" \/>\n<meta property=\"og:locale\" content=\"fr_FR\" \/>\n<meta property=\"og:type\" content=\"article\" \/>\n<meta property=\"og:title\" content=\"Conditions G\u00e9n\u00e9rales de Vente - Domaine Saint Pierremont\" \/>\n<meta property=\"og:description\" content=\"Derni\u00e8re mise \u00e0 jour : 6 juin 2025 Les pr\u00e9sentes Conditions G\u00e9n\u00e9rales de Vente (CGV) r\u00e9gissent les r\u00e9servations effectu\u00e9es pour la SAS Domaine Saint Pierremont, situ\u00e9 rue du Carreau de la Mine &#8211; Mancieulles &#8211; 54790 Val de Briey\u00a0 Toute r\u00e9servation implique l\u2019acceptation pleine et enti\u00e8re des pr\u00e9sentes CGV. 1 . R\u00e9servations Les demandes de [&hellip;]\" \/>\n<meta property=\"og:url\" content=\"https:\/\/www.domainesaintpierremont.fr\/index.php\/conditions-generales-de-vente\/\" \/>\n<meta property=\"og:site_name\" content=\"Domaine Saint Pierremont\" \/>\n<meta property=\"article:publisher\" content=\"https:\/\/www.facebook.com\/people\/Domaine-Saint-Pierremont\/61576335085179\/\" \/>\n<meta property=\"article:modified_time\" content=\"2025-06-12T12:25:41+00:00\" \/>\n<meta name=\"twitter:card\" content=\"summary_large_image\" \/>\n<meta name=\"twitter:label1\" content=\"Dur\u00e9e de lecture estim\u00e9e\" \/>\n\t<meta name=\"twitter:data1\" content=\"3 minutes\" \/>\n<script type=\"application\/ld+json\" class=\"yoast-schema-graph\">{\"@context\":\"https:\\\/\\\/schema.org\",\"@graph\":[{\"@type\":\"WebPage\",\"@id\":\"https:\\\/\\\/www.domainesaintpierremont.fr\\\/index.php\\\/conditions-generales-de-vente\\\/\",\"url\":\"https:\\\/\\\/www.domainesaintpierremont.fr\\\/index.php\\\/conditions-generales-de-vente\\\/\",\"name\":\"Conditions G\u00e9n\u00e9rales de Vente - Domaine Saint Pierremont\",\"isPartOf\":{\"@id\":\"https:\\\/\\\/www.domainesaintpierremont.fr\\\/#website\"},\"datePublished\":\"2025-06-06T07:18:50+00:00\",\"dateModified\":\"2025-06-12T12:25:41+00:00\",\"breadcrumb\":{\"@id\":\"https:\\\/\\\/www.domainesaintpierremont.fr\\\/index.php\\\/conditions-generales-de-vente\\\/#breadcrumb\"},\"inLanguage\":\"fr-FR\",\"potentialAction\":[{\"@type\":\"ReadAction\",\"target\":[\"https:\\\/\\\/www.domainesaintpierremont.fr\\\/index.php\\\/conditions-generales-de-vente\\\/\"]}]},{\"@type\":\"BreadcrumbList\",\"@id\":\"https:\\\/\\\/www.domainesaintpierremont.fr\\\/index.php\\\/conditions-generales-de-vente\\\/#breadcrumb\",\"itemListElement\":[{\"@type\":\"ListItem\",\"position\":1,\"name\":\"Accueil\",\"item\":\"https:\\\/\\\/www.domainesaintpierremont.fr\\\/\"},{\"@type\":\"ListItem\",\"position\":2,\"name\":\"Conditions G\u00e9n\u00e9rales de Vente\"}]},{\"@type\":\"WebSite\",\"@id\":\"https:\\\/\\\/www.domainesaintpierremont.fr\\\/#website\",\"url\":\"https:\\\/\\\/www.domainesaintpierremont.fr\\\/\",\"name\":\"Domaine Saint Pierremont\",\"description\":\"G\u00eete\",\"publisher\":{\"@id\":\"https:\\\/\\\/www.domainesaintpierremont.fr\\\/#organization\"},\"potentialAction\":[{\"@type\":\"SearchAction\",\"target\":{\"@type\":\"EntryPoint\",\"urlTemplate\":\"https:\\\/\\\/www.domainesaintpierremont.fr\\\/?s={search_term_string}\"},\"query-input\":{\"@type\":\"PropertyValueSpecification\",\"valueRequired\":true,\"valueName\":\"search_term_string\"}}],\"inLanguage\":\"fr-FR\"},{\"@type\":\"Organization\",\"@id\":\"https:\\\/\\\/www.domainesaintpierremont.fr\\\/#organization\",\"name\":\"Domaine Saint Pierremont\",\"url\":\"https:\\\/\\\/www.domainesaintpierremont.fr\\\/\",\"logo\":{\"@type\":\"ImageObject\",\"inLanguage\":\"fr-FR\",\"@id\":\"https:\\\/\\\/www.domainesaintpierremont.fr\\\/#\\\/schema\\\/logo\\\/image\\\/\",\"url\":\"https:\\\/\\\/www.domainesaintpierremont.fr\\\/wp-content\\\/uploads\\\/2025\\\/06\\\/cropped-Logo-Domaine.png\",\"contentUrl\":\"https:\\\/\\\/www.domainesaintpierremont.fr\\\/wp-content\\\/uploads\\\/2025\\\/06\\\/cropped-Logo-Domaine.png\",\"width\":430,\"height\":322,\"caption\":\"Domaine Saint Pierremont\"},\"image\":{\"@id\":\"https:\\\/\\\/www.domainesaintpierremont.fr\\\/#\\\/schema\\\/logo\\\/image\\\/\"},\"sameAs\":[\"https:\\\/\\\/www.facebook.com\\\/people\\\/Domaine-Saint-Pierremont\\\/61576335085179\\\/\"]}]}<\/script>\n<!-- \/ Yoast SEO plugin. -->","yoast_head_json":{"title":"Conditions G\u00e9n\u00e9rales de Vente - Domaine Saint Pierremont","robots":{"index":"index","follow":"follow","max-snippet":"max-snippet:-1","max-image-preview":"max-image-preview:large","max-video-preview":"max-video-preview:-1"},"canonical":"https:\/\/www.domainesaintpierremont.fr\/index.php\/conditions-generales-de-vente\/","og_locale":"fr_FR","og_type":"article","og_title":"Conditions G\u00e9n\u00e9rales de Vente - Domaine Saint Pierremont","og_description":"Derni\u00e8re mise \u00e0 jour : 6 juin 2025 Les pr\u00e9sentes Conditions G\u00e9n\u00e9rales de Vente (CGV) r\u00e9gissent les r\u00e9servations effectu\u00e9es pour la SAS Domaine Saint Pierremont, situ\u00e9 rue du Carreau de la Mine &#8211; Mancieulles &#8211; 54790 Val de Briey\u00a0 Toute r\u00e9servation implique l\u2019acceptation pleine et enti\u00e8re des pr\u00e9sentes CGV. 1 . R\u00e9servations Les demandes de [&hellip;]","og_url":"https:\/\/www.domainesaintpierremont.fr\/index.php\/conditions-generales-de-vente\/","og_site_name":"Domaine Saint Pierremont","article_publisher":"https:\/\/www.facebook.com\/people\/Domaine-Saint-Pierremont\/61576335085179\/","article_modified_time":"2025-06-12T12:25:41+00:00","twitter_card":"summary_large_image","twitter_misc":{"Dur\u00e9e de lecture estim\u00e9e":"3 minutes"},"schema":{"@context":"https:\/\/schema.org","@graph":[{"@type":"WebPage","@id":"https:\/\/www.domainesaintpierremont.fr\/index.php\/conditions-generales-de-vente\/","url":"https:\/\/www.domainesaintpierremont.fr\/index.php\/conditions-generales-de-vente\/","name":"Conditions G\u00e9n\u00e9rales de Vente - Domaine Saint Pierremont","isPartOf":{"@id":"https:\/\/www.domainesaintpierremont.fr\/#website"},"datePublished":"2025-06-06T07:18:50+00:00","dateModified":"2025-06-12T12:25:41+00:00","breadcrumb":{"@id":"https:\/\/www.domainesaintpierremont.fr\/index.php\/conditions-generales-de-vente\/#breadcrumb"},"inLanguage":"fr-FR","potentialAction":[{"@type":"ReadAction","target":["https:\/\/www.domainesaintpierremont.fr\/index.php\/conditions-generales-de-vente\/"]}]},{"@type":"BreadcrumbList","@id":"https:\/\/www.domainesaintpierremont.fr\/index.php\/conditions-generales-de-vente\/#breadcrumb","itemListElement":[{"@type":"ListItem","position":1,"name":"Accueil","item":"https:\/\/www.domainesaintpierremont.fr\/"},{"@type":"ListItem","position":2,"name":"Conditions G\u00e9n\u00e9rales de Vente"}]},{"@type":"WebSite","@id":"https:\/\/www.domainesaintpierremont.fr\/#website","url":"https:\/\/www.domainesaintpierremont.fr\/","name":"Domaine Saint Pierremont","description":"G\u00eete","publisher":{"@id":"https:\/\/www.domainesaintpierremont.fr\/#organization"},"potentialAction":[{"@type":"SearchAction","target":{"@type":"EntryPoint","urlTemplate":"https:\/\/www.domainesaintpierremont.fr\/?s={search_term_string}"},"query-input":{"@type":"PropertyValueSpecification","valueRequired":true,"valueName":"search_term_string"}}],"inLanguage":"fr-FR"},{"@type":"Organization","@id":"https:\/\/www.domainesaintpierremont.fr\/#organization","name":"Domaine Saint Pierremont","url":"https:\/\/www.domainesaintpierremont.fr\/","logo":{"@type":"ImageObject","inLanguage":"fr-FR","@id":"https:\/\/www.domainesaintpierremont.fr\/#\/schema\/logo\/image\/","url":"https:\/\/www.domainesaintpierremont.fr\/wp-content\/uploads\/2025\/06\/cropped-Logo-Domaine.png","contentUrl":"https:\/\/www.domainesaintpierremont.fr\/wp-content\/uploads\/2025\/06\/cropped-Logo-Domaine.png","width":430,"height":322,"caption":"Domaine Saint Pierremont"},"image":{"@id":"https:\/\/www.domainesaintpierremont.fr\/#\/schema\/logo\/image\/"},"sameAs":["https:\/\/www.facebook.com\/people\/Domaine-Saint-Pierremont\/61576335085179\/"]}]}},"_links":{"self":[{"href":"https:\/\/www.domainesaintpierremont.fr\/index.php\/wp-json\/wp\/v2\/pages\/307","targetHints":{"allow":["GET"]}}],"collection":[{"href":"https:\/\/www.domainesaintpierremont.fr\/index.php\/wp-json\/wp\/v2\/pages"}],"about":[{"href":"https:\/\/www.domainesaintpierremont.fr\/index.php\/wp-json\/wp\/v2\/types\/page"}],"author":[{"embeddable":true,"href":"https:\/\/www.domainesaintpierremont.fr\/index.php\/wp-json\/wp\/v2\/users\/1"}],"replies":[{"embeddable":true,"href":"https:\/\/www.domainesaintpierremont.fr\/index.php\/wp-json\/wp\/v2\/comments?post=307"}],"version-history":[{"count":3,"href":"https:\/\/www.domainesaintpierremont.fr\/index.php\/wp-json\/wp\/v2\/pages\/307\/revisions"}],"predecessor-version":[{"id":415,"href":"https:\/\/www.domainesaintpierremont.fr\/index.php\/wp-json\/wp\/v2\/pages\/307\/revisions\/415"}],"wp:attachment":[{"href":"https:\/\/www.domainesaintpierremont.fr\/index.php\/wp-json\/wp\/v2\/media?parent=307"}],"curies":[{"name":"wp","href":"https:\/\/api.w.org\/{rel}","templated":true}]}}