{"id":293,"date":"2025-06-05T20:29:15","date_gmt":"2025-06-05T18:29:15","guid":{"rendered":"https:\/\/www.domainesaintpierremont.fr\/?page_id=293"},"modified":"2025-06-06T10:59:53","modified_gmt":"2025-06-06T08:59:53","slug":"mentions-legales","status":"publish","type":"page","link":"https:\/\/www.domainesaintpierremont.fr\/index.php\/mentions-legales\/","title":{"rendered":"Mentions l\u00e9gales"},"content":{"rendered":"\n<h2 class=\"wp-block-heading\">Mentions L\u00e9gales<\/h2>\n\n\n\n<p><strong>Conform\u00e9ment aux dispositions des articles 6-III et 19 de la Loi n\u00b02004-575 du 21 juin 2004 pour la Confiance dans l\u2019\u00e9conomie num\u00e9rique (LCEN), il est port\u00e9 \u00e0 la connaissance des utilisateurs et visiteurs du site&nbsp;<a class=\"\" href=\"https:\/\/www.domainesaintpierremont.fr\/\">www.domainesaintpierremont.fr<\/a>&nbsp;les pr\u00e9sentes mentions l\u00e9gales :<\/strong><\/p>\n\n\n\n<hr class=\"wp-block-separator has-alpha-channel-opacity\"\/>\n\n\n\n<h3 class=\"wp-block-heading\"><strong>\u00c9diteur du site<\/strong><\/h3>\n\n\n\n<p>Le site\u00a0<a class=\"\" href=\"https:\/\/www.domainesaintpierremont.fr\/\">www.domainesaintpierremont.fr<\/a>\u00a0est \u00e9dit\u00e9 par :<br><strong>Domaine Saint Pierremont<\/strong><br>Statut juridique : SAS<br>Nom du responsable : Lucille Roche<br>Adresse du si\u00e8ge social : Rue du Carreau de la Mine, 54790 Val de Briey<br>Capital social : 1000,00\u20ac<br>Num\u00e9ro SIRET : 944 330 323 00014<br>Num\u00e9ro TVA intracommunautaire : FR57944330323<br>T\u00e9l\u00e9phone : 03 82 33 87 03<br>Email : domainesaintpierremont@gmail.com<\/p>\n\n\n\n<hr class=\"wp-block-separator has-alpha-channel-opacity\"\/>\n\n\n\n<h3 class=\"wp-block-heading\"><strong>H\u00e9bergement<\/strong><\/h3>\n\n\n\n<p>Le site est h\u00e9berg\u00e9 par : <strong>OVH SAS<\/strong><br>Si\u00e8ge social : 2 rue Kellermann, 59100 Roubaix, France<br>T\u00e9l\u00e9phone : +33 (0)9 72 10 10 07<br>Site internet :&nbsp;<a class=\"\" href=\"https:\/\/www.ovhcloud.com\/\">https:\/\/www.ovhcloud.com<\/a><\/p>\n\n\n\n<hr class=\"wp-block-separator has-alpha-channel-opacity\"\/>\n\n\n\n<h3 class=\"wp-block-heading\"><strong>Responsable de la publication<\/strong><\/h3>\n\n\n\n<p>Le responsable de la publication est :&nbsp;<strong>Lucille Roche<\/strong><br>Contact :&nbsp;<strong>domainesaintpierremont@gmail.com<\/strong><\/p>\n\n\n\n<hr class=\"wp-block-separator has-alpha-channel-opacity\"\/>\n\n\n\n<h3 class=\"wp-block-heading\"><strong>Propri\u00e9t\u00e9 intellectuelle<\/strong><\/h3>\n\n\n\n<p>Le site ainsi que l\u2019ensemble des contenus (textes, images, graphismes, logos, vid\u00e9os, etc.) sont la propri\u00e9t\u00e9 exclusive du Domaine Saint Pierremont ou font l\u2019objet d\u2019une licence d\u2019utilisation.<br>Toute reproduction, repr\u00e9sentation, modification, publication, transmission ou d\u00e9naturation, totale ou partielle, du site ou de son contenu, par quelque proc\u00e9d\u00e9 que ce soit, et sur quelque support que ce soit, est interdite sans autorisation pr\u00e9alable et \u00e9crite.<\/p>\n\n\n\n<hr class=\"wp-block-separator has-alpha-channel-opacity\"\/>\n\n\n\n<h3 class=\"wp-block-heading\"><strong>Protection des donn\u00e9es personnelles<\/strong><\/h3>\n\n\n\n<p>Les donn\u00e9es collect\u00e9es sur ce site sont trait\u00e9es dans le respect du R\u00e8glement G\u00e9n\u00e9ral sur la Protection des Donn\u00e9es (RGPD).<br>Vous disposez d\u2019un droit d\u2019acc\u00e8s, de rectification, d\u2019opposition, de suppression et de portabilit\u00e9 des donn\u00e9es vous concernant, que vous pouvez exercer en nous contactant \u00e0 l\u2019adresse suivante :&nbsp;<strong>domainesaintpierremont@gmail.com<\/strong><\/p>\n\n\n\n<p>Pour plus de d\u00e9tails, veuillez consulter notre&nbsp;<a>politique de confidentialit\u00e9<\/a>&nbsp;(\u00e0 pr\u00e9voir si besoin).<\/p>\n\n\n\n<hr class=\"wp-block-separator has-alpha-channel-opacity\"\/>\n\n\n\n<h3 class=\"wp-block-heading\"><strong>Cookies<\/strong><\/h3>\n\n\n\n<p>Le site peut utiliser des cookies \u00e0 des fins de navigation, de statistiques ou de services tiers (r\u00e9seaux sociaux, r\u00e9servations, etc.). En poursuivant la navigation, vous acceptez l&rsquo;utilisation de ces cookies.<br>Vous pouvez g\u00e9rer les cookies depuis les param\u00e8tres de votre navigateur ou via notre [bandeau de consentement] (\u00e0 pr\u00e9voir si vous utilisez un gestionnaire de cookies).<\/p>\n\n\n\n<hr class=\"wp-block-separator has-alpha-channel-opacity\"\/>\n\n\n\n<h3 class=\"wp-block-heading\"><strong>Conditions d\u2019utilisation<\/strong><\/h3>\n\n\n\n<p>L\u2019utilisation du site&nbsp;<a class=\"\" href=\"https:\/\/www.domainesaintpierremont.fr\/\">www.domainesaintpierremont.fr<\/a>&nbsp;implique l\u2019acceptation pleine et enti\u00e8re des conditions g\u00e9n\u00e9rales d\u2019utilisation consultables \u00e0 tout moment sur le site.<\/p>\n\n\n\n<hr class=\"wp-block-separator has-alpha-channel-opacity\"\/>\n\n\n\n<h3 class=\"wp-block-heading\"><strong>Litiges<\/strong><\/h3>\n\n\n\n<p>En cas de litige, le droit applicable est le droit fran\u00e7ais. En cas de d\u00e9saccord, une solution amiable sera recherch\u00e9e avant toute action judiciaire.<\/p>\n","protected":false},"excerpt":{"rendered":"<p>Mentions L\u00e9gales Conform\u00e9ment aux dispositions des articles 6-III et 19 de la Loi n\u00b02004-575 du 21 juin 2004 pour la Confiance dans l\u2019\u00e9conomie num\u00e9rique (LCEN), il est port\u00e9 \u00e0 la connaissance des utilisateurs et visiteurs du site&nbsp;www.domainesaintpierremont.fr&nbsp;les pr\u00e9sentes mentions l\u00e9gales : \u00c9diteur du site Le site\u00a0www.domainesaintpierremont.fr\u00a0est \u00e9dit\u00e9 par :Domaine Saint PierremontStatut juridique : SASNom du [&hellip;]<\/p>\n","protected":false},"author":1,"featured_media":0,"parent":0,"menu_order":0,"comment_status":"closed","ping_status":"closed","template":"","meta":{"footnotes":""},"class_list":["post-293","page","type-page","status-publish","hentry"],"yoast_head":"<!-- This site is optimized with the Yoast SEO plugin v27.3 - https:\/\/yoast.com\/product\/yoast-seo-wordpress\/ -->\n<title>Mentions l\u00e9gales - Domaine Saint Pierremont<\/title>\n<meta name=\"robots\" content=\"index, follow, max-snippet:-1, max-image-preview:large, max-video-preview:-1\" \/>\n<link rel=\"canonical\" href=\"https:\/\/www.domainesaintpierremont.fr\/index.php\/mentions-legales\/\" \/>\n<meta property=\"og:locale\" content=\"fr_FR\" \/>\n<meta property=\"og:type\" content=\"article\" \/>\n<meta property=\"og:title\" content=\"Mentions l\u00e9gales - Domaine Saint Pierremont\" \/>\n<meta property=\"og:description\" content=\"Mentions L\u00e9gales Conform\u00e9ment aux dispositions des articles 6-III et 19 de la Loi n\u00b02004-575 du 21 juin 2004 pour la Confiance dans l\u2019\u00e9conomie num\u00e9rique (LCEN), il est port\u00e9 \u00e0 la connaissance des utilisateurs et visiteurs du site&nbsp;www.domainesaintpierremont.fr&nbsp;les pr\u00e9sentes mentions l\u00e9gales : \u00c9diteur du site Le site\u00a0www.domainesaintpierremont.fr\u00a0est \u00e9dit\u00e9 par :Domaine Saint PierremontStatut juridique : SASNom du [&hellip;]\" \/>\n<meta property=\"og:url\" content=\"https:\/\/www.domainesaintpierremont.fr\/index.php\/mentions-legales\/\" \/>\n<meta property=\"og:site_name\" content=\"Domaine Saint Pierremont\" \/>\n<meta property=\"article:publisher\" content=\"https:\/\/www.facebook.com\/people\/Domaine-Saint-Pierremont\/61576335085179\/\" \/>\n<meta property=\"article:modified_time\" content=\"2025-06-06T08:59:53+00:00\" \/>\n<meta name=\"twitter:card\" content=\"summary_large_image\" \/>\n<meta name=\"twitter:label1\" content=\"Dur\u00e9e de lecture estim\u00e9e\" \/>\n\t<meta name=\"twitter:data1\" content=\"2 minutes\" \/>\n<script type=\"application\/ld+json\" class=\"yoast-schema-graph\">{\"@context\":\"https:\\\/\\\/schema.org\",\"@graph\":[{\"@type\":\"WebPage\",\"@id\":\"https:\\\/\\\/www.domainesaintpierremont.fr\\\/index.php\\\/mentions-legales\\\/\",\"url\":\"https:\\\/\\\/www.domainesaintpierremont.fr\\\/index.php\\\/mentions-legales\\\/\",\"name\":\"Mentions l\u00e9gales - Domaine Saint Pierremont\",\"isPartOf\":{\"@id\":\"https:\\\/\\\/www.domainesaintpierremont.fr\\\/#website\"},\"datePublished\":\"2025-06-05T18:29:15+00:00\",\"dateModified\":\"2025-06-06T08:59:53+00:00\",\"breadcrumb\":{\"@id\":\"https:\\\/\\\/www.domainesaintpierremont.fr\\\/index.php\\\/mentions-legales\\\/#breadcrumb\"},\"inLanguage\":\"fr-FR\",\"potentialAction\":[{\"@type\":\"ReadAction\",\"target\":[\"https:\\\/\\\/www.domainesaintpierremont.fr\\\/index.php\\\/mentions-legales\\\/\"]}]},{\"@type\":\"BreadcrumbList\",\"@id\":\"https:\\\/\\\/www.domainesaintpierremont.fr\\\/index.php\\\/mentions-legales\\\/#breadcrumb\",\"itemListElement\":[{\"@type\":\"ListItem\",\"position\":1,\"name\":\"Accueil\",\"item\":\"https:\\\/\\\/www.domainesaintpierremont.fr\\\/\"},{\"@type\":\"ListItem\",\"position\":2,\"name\":\"Mentions l\u00e9gales\"}]},{\"@type\":\"WebSite\",\"@id\":\"https:\\\/\\\/www.domainesaintpierremont.fr\\\/#website\",\"url\":\"https:\\\/\\\/www.domainesaintpierremont.fr\\\/\",\"name\":\"Domaine Saint Pierremont\",\"description\":\"G\u00eete\",\"publisher\":{\"@id\":\"https:\\\/\\\/www.domainesaintpierremont.fr\\\/#organization\"},\"potentialAction\":[{\"@type\":\"SearchAction\",\"target\":{\"@type\":\"EntryPoint\",\"urlTemplate\":\"https:\\\/\\\/www.domainesaintpierremont.fr\\\/?s={search_term_string}\"},\"query-input\":{\"@type\":\"PropertyValueSpecification\",\"valueRequired\":true,\"valueName\":\"search_term_string\"}}],\"inLanguage\":\"fr-FR\"},{\"@type\":\"Organization\",\"@id\":\"https:\\\/\\\/www.domainesaintpierremont.fr\\\/#organization\",\"name\":\"Domaine Saint Pierremont\",\"url\":\"https:\\\/\\\/www.domainesaintpierremont.fr\\\/\",\"logo\":{\"@type\":\"ImageObject\",\"inLanguage\":\"fr-FR\",\"@id\":\"https:\\\/\\\/www.domainesaintpierremont.fr\\\/#\\\/schema\\\/logo\\\/image\\\/\",\"url\":\"https:\\\/\\\/www.domainesaintpierremont.fr\\\/wp-content\\\/uploads\\\/2025\\\/06\\\/cropped-Logo-Domaine.png\",\"contentUrl\":\"https:\\\/\\\/www.domainesaintpierremont.fr\\\/wp-content\\\/uploads\\\/2025\\\/06\\\/cropped-Logo-Domaine.png\",\"width\":430,\"height\":322,\"caption\":\"Domaine Saint Pierremont\"},\"image\":{\"@id\":\"https:\\\/\\\/www.domainesaintpierremont.fr\\\/#\\\/schema\\\/logo\\\/image\\\/\"},\"sameAs\":[\"https:\\\/\\\/www.facebook.com\\\/people\\\/Domaine-Saint-Pierremont\\\/61576335085179\\\/\"]}]}<\/script>\n<!-- \/ Yoast SEO plugin. -->","yoast_head_json":{"title":"Mentions l\u00e9gales - Domaine Saint Pierremont","robots":{"index":"index","follow":"follow","max-snippet":"max-snippet:-1","max-image-preview":"max-image-preview:large","max-video-preview":"max-video-preview:-1"},"canonical":"https:\/\/www.domainesaintpierremont.fr\/index.php\/mentions-legales\/","og_locale":"fr_FR","og_type":"article","og_title":"Mentions l\u00e9gales - Domaine Saint Pierremont","og_description":"Mentions L\u00e9gales Conform\u00e9ment aux dispositions des articles 6-III et 19 de la Loi n\u00b02004-575 du 21 juin 2004 pour la Confiance dans l\u2019\u00e9conomie num\u00e9rique (LCEN), il est port\u00e9 \u00e0 la connaissance des utilisateurs et visiteurs du site&nbsp;www.domainesaintpierremont.fr&nbsp;les pr\u00e9sentes mentions l\u00e9gales : \u00c9diteur du site Le site\u00a0www.domainesaintpierremont.fr\u00a0est \u00e9dit\u00e9 par :Domaine Saint PierremontStatut juridique : SASNom du [&hellip;]","og_url":"https:\/\/www.domainesaintpierremont.fr\/index.php\/mentions-legales\/","og_site_name":"Domaine Saint Pierremont","article_publisher":"https:\/\/www.facebook.com\/people\/Domaine-Saint-Pierremont\/61576335085179\/","article_modified_time":"2025-06-06T08:59:53+00:00","twitter_card":"summary_large_image","twitter_misc":{"Dur\u00e9e de lecture estim\u00e9e":"2 minutes"},"schema":{"@context":"https:\/\/schema.org","@graph":[{"@type":"WebPage","@id":"https:\/\/www.domainesaintpierremont.fr\/index.php\/mentions-legales\/","url":"https:\/\/www.domainesaintpierremont.fr\/index.php\/mentions-legales\/","name":"Mentions l\u00e9gales - Domaine Saint Pierremont","isPartOf":{"@id":"https:\/\/www.domainesaintpierremont.fr\/#website"},"datePublished":"2025-06-05T18:29:15+00:00","dateModified":"2025-06-06T08:59:53+00:00","breadcrumb":{"@id":"https:\/\/www.domainesaintpierremont.fr\/index.php\/mentions-legales\/#breadcrumb"},"inLanguage":"fr-FR","potentialAction":[{"@type":"ReadAction","target":["https:\/\/www.domainesaintpierremont.fr\/index.php\/mentions-legales\/"]}]},{"@type":"BreadcrumbList","@id":"https:\/\/www.domainesaintpierremont.fr\/index.php\/mentions-legales\/#breadcrumb","itemListElement":[{"@type":"ListItem","position":1,"name":"Accueil","item":"https:\/\/www.domainesaintpierremont.fr\/"},{"@type":"ListItem","position":2,"name":"Mentions l\u00e9gales"}]},{"@type":"WebSite","@id":"https:\/\/www.domainesaintpierremont.fr\/#website","url":"https:\/\/www.domainesaintpierremont.fr\/","name":"Domaine Saint Pierremont","description":"G\u00eete","publisher":{"@id":"https:\/\/www.domainesaintpierremont.fr\/#organization"},"potentialAction":[{"@type":"SearchAction","target":{"@type":"EntryPoint","urlTemplate":"https:\/\/www.domainesaintpierremont.fr\/?s={search_term_string}"},"query-input":{"@type":"PropertyValueSpecification","valueRequired":true,"valueName":"search_term_string"}}],"inLanguage":"fr-FR"},{"@type":"Organization","@id":"https:\/\/www.domainesaintpierremont.fr\/#organization","name":"Domaine Saint Pierremont","url":"https:\/\/www.domainesaintpierremont.fr\/","logo":{"@type":"ImageObject","inLanguage":"fr-FR","@id":"https:\/\/www.domainesaintpierremont.fr\/#\/schema\/logo\/image\/","url":"https:\/\/www.domainesaintpierremont.fr\/wp-content\/uploads\/2025\/06\/cropped-Logo-Domaine.png","contentUrl":"https:\/\/www.domainesaintpierremont.fr\/wp-content\/uploads\/2025\/06\/cropped-Logo-Domaine.png","width":430,"height":322,"caption":"Domaine Saint Pierremont"},"image":{"@id":"https:\/\/www.domainesaintpierremont.fr\/#\/schema\/logo\/image\/"},"sameAs":["https:\/\/www.facebook.com\/people\/Domaine-Saint-Pierremont\/61576335085179\/"]}]}},"_links":{"self":[{"href":"https:\/\/www.domainesaintpierremont.fr\/index.php\/wp-json\/wp\/v2\/pages\/293","targetHints":{"allow":["GET"]}}],"collection":[{"href":"https:\/\/www.domainesaintpierremont.fr\/index.php\/wp-json\/wp\/v2\/pages"}],"about":[{"href":"https:\/\/www.domainesaintpierremont.fr\/index.php\/wp-json\/wp\/v2\/types\/page"}],"author":[{"embeddable":true,"href":"https:\/\/www.domainesaintpierremont.fr\/index.php\/wp-json\/wp\/v2\/users\/1"}],"replies":[{"embeddable":true,"href":"https:\/\/www.domainesaintpierremont.fr\/index.php\/wp-json\/wp\/v2\/comments?post=293"}],"version-history":[{"count":4,"href":"https:\/\/www.domainesaintpierremont.fr\/index.php\/wp-json\/wp\/v2\/pages\/293\/revisions"}],"predecessor-version":[{"id":330,"href":"https:\/\/www.domainesaintpierremont.fr\/index.php\/wp-json\/wp\/v2\/pages\/293\/revisions\/330"}],"wp:attachment":[{"href":"https:\/\/www.domainesaintpierremont.fr\/index.php\/wp-json\/wp\/v2\/media?parent=293"}],"curies":[{"name":"wp","href":"https:\/\/api.w.org\/{rel}","templated":true}]}}